{"id":1595,"date":"2022-03-26T07:23:43","date_gmt":"2022-03-26T07:23:43","guid":{"rendered":"https:\/\/www.animagina.com\/wordpress\/?page_id=1595"},"modified":"2022-04-25T08:01:08","modified_gmt":"2022-04-25T08:01:08","slug":"juego-de-mesa-honor-loyalty-and-love","status":"publish","type":"page","link":"https:\/\/www.animagina.com\/wordpress\/juego-de-mesa-honor-loyalty-and-love\/","title":{"rendered":"Juego de mesa \u00abHonor, Loyalty And Love\u00bb"},"content":{"rendered":"\n<p>Prototipo de juego de mesa en el que se recrean los antiguos duelos medievales.<\/p>\n\n\n\n<p>Dise\u00f1o prototipo para portada.<\/p>\n\n\n\n<figure class=\"wp-block-image size-full\"><a href=\"https:\/\/www.animagina.com\/wordpress\/wp-content\/uploads\/2022\/02\/Portada_HonorLoyaltyAndLove.jpg\"><img loading=\"lazy\" decoding=\"async\" width=\"842\" height=\"595\" src=\"https:\/\/www.animagina.com\/wordpress\/wp-content\/uploads\/2022\/02\/Portada_HonorLoyaltyAndLove.jpg\" alt=\"\" class=\"wp-image-1586\" srcset=\"https:\/\/www.animagina.com\/wordpress\/wp-content\/uploads\/2022\/02\/Portada_HonorLoyaltyAndLove.jpg 842w, https:\/\/www.animagina.com\/wordpress\/wp-content\/uploads\/2022\/02\/Portada_HonorLoyaltyAndLove-300x212.jpg 300w, https:\/\/www.animagina.com\/wordpress\/wp-content\/uploads\/2022\/02\/Portada_HonorLoyaltyAndLove-768x543.jpg 768w\" sizes=\"auto, (max-width: 767px) 89vw, (max-width: 1000px) 54vw, (max-width: 1071px) 543px, 580px\" \/><\/a><\/figure>\n\n\n\n<p><\/p>\n\n\n\n<p>Dise\u00f1o de meeples<\/p>\n\n\n\n<figure class=\"wp-block-image size-full\"><a href=\"https:\/\/www.animagina.com\/wordpress\/wp-content\/uploads\/2022\/03\/Meeples_HLAL-1.jpg\"><img loading=\"lazy\" decoding=\"async\" width=\"842\" height=\"595\" src=\"https:\/\/www.animagina.com\/wordpress\/wp-content\/uploads\/2022\/03\/Meeples_HLAL-1.jpg\" alt=\"\" class=\"wp-image-1602\" srcset=\"https:\/\/www.animagina.com\/wordpress\/wp-content\/uploads\/2022\/03\/Meeples_HLAL-1.jpg 842w, https:\/\/www.animagina.com\/wordpress\/wp-content\/uploads\/2022\/03\/Meeples_HLAL-1-300x212.jpg 300w, https:\/\/www.animagina.com\/wordpress\/wp-content\/uploads\/2022\/03\/Meeples_HLAL-1-768x543.jpg 768w\" sizes=\"auto, (max-width: 767px) 89vw, (max-width: 1000px) 54vw, (max-width: 1071px) 543px, 580px\" \/><\/a><\/figure>\n\n\n\n<p><\/p>\n\n\n\n<p>Impresi\u00f3n 3D y pintura de <a href=\"https:\/\/shironbleid.com\/\" target=\"_blank\" rel=\"noreferrer noopener\">ShironBleid<\/a> <\/p>\n\n\n\n<figure class=\"wp-block-image size-large\"><a href=\"https:\/\/www.animagina.com\/wordpress\/wp-content\/uploads\/2022\/04\/Meeples_Design.jpg\"><img loading=\"lazy\" decoding=\"async\" width=\"1024\" height=\"757\" src=\"https:\/\/www.animagina.com\/wordpress\/wp-content\/uploads\/2022\/04\/Meeples_Design-1024x757.jpg\" alt=\"\" class=\"wp-image-1608\" srcset=\"https:\/\/www.animagina.com\/wordpress\/wp-content\/uploads\/2022\/04\/Meeples_Design-1024x757.jpg 1024w, https:\/\/www.animagina.com\/wordpress\/wp-content\/uploads\/2022\/04\/Meeples_Design-300x222.jpg 300w, https:\/\/www.animagina.com\/wordpress\/wp-content\/uploads\/2022\/04\/Meeples_Design-768x568.jpg 768w, https:\/\/www.animagina.com\/wordpress\/wp-content\/uploads\/2022\/04\/Meeples_Design.jpg 1440w\" sizes=\"auto, (max-width: 767px) 89vw, (max-width: 1000px) 54vw, (max-width: 1071px) 543px, 580px\" \/><\/a><\/figure>\n","protected":false},"excerpt":{"rendered":"<p>Prototipo de juego de mesa en el que se recrean los antiguos duelos medievales. Dise\u00f1o prototipo para portada. Dise\u00f1o de meeples Impresi\u00f3n 3D y pintura de ShironBleid<\/p>\n","protected":false},"author":2,"featured_media":0,"parent":0,"menu_order":0,"comment_status":"closed","ping_status":"closed","template":"","meta":{"footnotes":""},"class_list":["post-1595","page","type-page","status-publish","hentry"],"_links":{"self":[{"href":"https:\/\/www.animagina.com\/wordpress\/wp-json\/wp\/v2\/pages\/1595","targetHints":{"allow":["GET"]}}],"collection":[{"href":"https:\/\/www.animagina.com\/wordpress\/wp-json\/wp\/v2\/pages"}],"about":[{"href":"https:\/\/www.animagina.com\/wordpress\/wp-json\/wp\/v2\/types\/page"}],"author":[{"embeddable":true,"href":"https:\/\/www.animagina.com\/wordpress\/wp-json\/wp\/v2\/users\/2"}],"replies":[{"embeddable":true,"href":"https:\/\/www.animagina.com\/wordpress\/wp-json\/wp\/v2\/comments?post=1595"}],"version-history":[{"count":5,"href":"https:\/\/www.animagina.com\/wordpress\/wp-json\/wp\/v2\/pages\/1595\/revisions"}],"predecessor-version":[{"id":1619,"href":"https:\/\/www.animagina.com\/wordpress\/wp-json\/wp\/v2\/pages\/1595\/revisions\/1619"}],"wp:attachment":[{"href":"https:\/\/www.animagina.com\/wordpress\/wp-json\/wp\/v2\/media?parent=1595"}],"curies":[{"name":"wp","href":"https:\/\/api.w.org\/{rel}","templated":true}]}}