{"id":619,"date":"2018-08-13T06:39:41","date_gmt":"2018-08-13T06:39:41","guid":{"rendered":"http:\/\/www.animagina.com\/wordpress\/?page_id=619"},"modified":"2018-08-13T06:39:41","modified_gmt":"2018-08-13T06:39:41","slug":"viaje-al-pais-de-las-galletas-de-acero","status":"publish","type":"page","link":"https:\/\/www.animagina.com\/wordpress\/viaje-al-pais-de-las-galletas-de-acero\/","title":{"rendered":"Viaje al Pa\u00eds de las Galletas de Acero"},"content":{"rendered":"<p><a href=\"http:\/\/animagina.com\/libros\/VAPDLGDA\/VAPDLGDA.html\">Viaje al Pa\u00eds de las Galletas de Acero<\/a><\/p>\n<p>Libro digital para Ediciones 42. Portada de Carlos Rod\u00f3n. Historia de <a href=\"http:\/\/rafaellindem.blogspot.com.es\/\">Rafael Lindem<\/a>. Maquetaci\u00f3n y retoque digital ANIMAGINA.<\/p>\n<p><a href=\"http:\/\/animagina.com\/libros\/VAPDLGDA\/VAPDLGDA.html\"><img loading=\"lazy\" decoding=\"async\" class=\"alignnone size-medium wp-image-213\" src=\"http:\/\/www.animagina.com\/wordpress\/wp-content\/uploads\/2017\/03\/ViajeAlPaisDeLasGalletasDeAcero-214x300.jpg\" alt=\"\" width=\"214\" height=\"300\" srcset=\"https:\/\/www.animagina.com\/wordpress\/wp-content\/uploads\/2017\/03\/ViajeAlPaisDeLasGalletasDeAcero-214x300.jpg 214w, https:\/\/www.animagina.com\/wordpress\/wp-content\/uploads\/2017\/03\/ViajeAlPaisDeLasGalletasDeAcero.jpg 454w\" sizes=\"auto, (max-width: 214px) 100vw, 214px\" \/><\/a><\/p>\n","protected":false},"excerpt":{"rendered":"<p>Viaje al Pa\u00eds de las Galletas de Acero Libro digital para Ediciones 42. Portada de Carlos Rod\u00f3n. Historia de Rafael Lindem. Maquetaci\u00f3n y retoque digital ANIMAGINA.<\/p>\n","protected":false},"author":2,"featured_media":0,"parent":0,"menu_order":0,"comment_status":"closed","ping_status":"closed","template":"","meta":{"footnotes":""},"class_list":["post-619","page","type-page","status-publish","hentry"],"_links":{"self":[{"href":"https:\/\/www.animagina.com\/wordpress\/wp-json\/wp\/v2\/pages\/619","targetHints":{"allow":["GET"]}}],"collection":[{"href":"https:\/\/www.animagina.com\/wordpress\/wp-json\/wp\/v2\/pages"}],"about":[{"href":"https:\/\/www.animagina.com\/wordpress\/wp-json\/wp\/v2\/types\/page"}],"author":[{"embeddable":true,"href":"https:\/\/www.animagina.com\/wordpress\/wp-json\/wp\/v2\/users\/2"}],"replies":[{"embeddable":true,"href":"https:\/\/www.animagina.com\/wordpress\/wp-json\/wp\/v2\/comments?post=619"}],"version-history":[{"count":1,"href":"https:\/\/www.animagina.com\/wordpress\/wp-json\/wp\/v2\/pages\/619\/revisions"}],"predecessor-version":[{"id":620,"href":"https:\/\/www.animagina.com\/wordpress\/wp-json\/wp\/v2\/pages\/619\/revisions\/620"}],"wp:attachment":[{"href":"https:\/\/www.animagina.com\/wordpress\/wp-json\/wp\/v2\/media?parent=619"}],"curies":[{"name":"wp","href":"https:\/\/api.w.org\/{rel}","templated":true}]}}