{"id":63,"date":"2017-03-18T08:03:01","date_gmt":"2017-03-18T08:03:01","guid":{"rendered":"http:\/\/www.animagina.com\/wordpress\/?page_id=63"},"modified":"2018-08-14T08:20:14","modified_gmt":"2018-08-14T08:20:14","slug":"proyectos","status":"publish","type":"page","link":"https:\/\/www.animagina.com\/wordpress\/proyectos\/","title":{"rendered":"Proyectos"},"content":{"rendered":"<p>En este apartado encontrar\u00e1 los distintos tipos de trabajos que se realizan.<\/p>\n<ul>\n<li><a href=\"http:\/\/www.animagina.com\/wordpress\/diseno\/\">Dise\u00f1o<\/a><\/li>\n<li><a href=\"http:\/\/www.animagina.com\/wordpress\/maquetacion\/\">Maquetaci\u00f3n<\/a><\/li>\n<li><a href=\"http:\/\/www.animagina.com\/wordpress\/audiovisuales\/\">Audiovisuales-Videojuegos<\/a><\/li>\n<\/ul>\n","protected":false},"excerpt":{"rendered":"<p>En este apartado encontrar\u00e1 los distintos tipos de trabajos que se realizan. Dise\u00f1o Maquetaci\u00f3n Audiovisuales-Videojuegos<\/p>\n","protected":false},"author":2,"featured_media":0,"parent":0,"menu_order":0,"comment_status":"closed","ping_status":"closed","template":"","meta":{"footnotes":""},"class_list":["post-63","page","type-page","status-publish","hentry"],"_links":{"self":[{"href":"https:\/\/www.animagina.com\/wordpress\/wp-json\/wp\/v2\/pages\/63","targetHints":{"allow":["GET"]}}],"collection":[{"href":"https:\/\/www.animagina.com\/wordpress\/wp-json\/wp\/v2\/pages"}],"about":[{"href":"https:\/\/www.animagina.com\/wordpress\/wp-json\/wp\/v2\/types\/page"}],"author":[{"embeddable":true,"href":"https:\/\/www.animagina.com\/wordpress\/wp-json\/wp\/v2\/users\/2"}],"replies":[{"embeddable":true,"href":"https:\/\/www.animagina.com\/wordpress\/wp-json\/wp\/v2\/comments?post=63"}],"version-history":[{"count":43,"href":"https:\/\/www.animagina.com\/wordpress\/wp-json\/wp\/v2\/pages\/63\/revisions"}],"predecessor-version":[{"id":700,"href":"https:\/\/www.animagina.com\/wordpress\/wp-json\/wp\/v2\/pages\/63\/revisions\/700"}],"wp:attachment":[{"href":"https:\/\/www.animagina.com\/wordpress\/wp-json\/wp\/v2\/media?parent=63"}],"curies":[{"name":"wp","href":"https:\/\/api.w.org\/{rel}","templated":true}]}}